{"id":18493,"date":"2022-06-21T01:26:36","date_gmt":"2022-06-21T06:26:36","guid":{"rendered":"https:\/\/repropix.com\/?page_id=18493"},"modified":"2022-11-28T09:03:39","modified_gmt":"2022-11-28T08:03:39","slug":"photographer","status":"publish","type":"page","link":"https:\/\/repropix.lu\/de\/photographer\/","title":{"rendered":"Infos f\u00fcr Fotografen"},"content":{"rendered":"<p><div class=\"fusion-fullwidth fullwidth-box fusion-builder-row-1 fusion-flex-container nonhundred-percent-fullwidth non-hundred-percent-height-scrolling\" style=\"--awb-border-radius-top-left:0px;--awb-border-radius-top-right:0px;--awb-border-radius-bottom-right:0px;--awb-border-radius-bottom-left:0px;--awb-padding-top:100px;--awb-flex-wrap:wrap;\" ><div class=\"fusion-builder-row fusion-row fusion-flex-align-items-flex-start fusion-flex-content-wrap\" style=\"max-width:1248px;margin-left: calc(-4% \/ 2 );margin-right: calc(-4% \/ 2 );\"><div class=\"fusion-layout-column fusion_builder_column fusion-builder-column-0 fusion_builder_column_1_1 1_1 fusion-flex-column\" style=\"--awb-bg-size:cover;--awb-width-large:100%;--awb-margin-top-large:0px;--awb-spacing-right-large:1.92%;--awb-margin-bottom-large:20px;--awb-spacing-left-large:1.92%;--awb-width-medium:100%;--awb-order-medium:0;--awb-spacing-right-medium:1.92%;--awb-spacing-left-medium:1.92%;--awb-width-small:100%;--awb-order-small:0;--awb-spacing-right-small:1.92%;--awb-spacing-left-small:1.92%;\"><div class=\"fusion-column-wrapper fusion-column-has-shadow fusion-flex-justify-content-flex-start fusion-content-layout-column\"><div class=\"fusion-title title fusion-title-1 fusion-sep-none fusion-title-text fusion-title-size-one\"><h1 class=\"fusion-title-heading title-heading-left fusion-responsive-typography-calculated\" style=\"margin:0;--fontSize:46;line-height:1;\"><div style=\"text-align: center;\"><span style=\"color: var(--h1_typography-color); font-family: var(--h1_typography-font-family); font-size: var(--h1_typography-font-size); font-style: var(--h1_typography-font-style,normal); font-weight: var(--h1_typography-font-weight); letter-spacing: var(--h1_typography-letter-spacing); text-transform: var(--h1_typography-text-transform);\">\u00a0<\/span><\/div>\n<p style=\"text-align: center;\"><span style=\"color: var(--h1_typography-color); font-family: var(--h1_typography-font-family); font-size: var(--h1_typography-font-size); font-style: var(--h1_typography-font-style,normal); font-weight: var(--h1_typography-font-weight); letter-spacing: var(--h1_typography-letter-spacing); text-transform: var(--h1_typography-text-transform);\">f\u00fcr Fotografen<\/span><\/p><\/h1><\/div><\/div><\/div><\/div><\/div><div class=\"fusion-fullwidth fullwidth-box fusion-builder-row-2 fusion-flex-container nonhundred-percent-fullwidth non-hundred-percent-height-scrolling\" style=\"--awb-border-radius-top-left:0px;--awb-border-radius-top-right:0px;--awb-border-radius-bottom-right:0px;--awb-border-radius-bottom-left:0px;--awb-padding-bottom:100px;--awb-flex-wrap:wrap;\" ><div class=\"fusion-builder-row fusion-row fusion-flex-align-items-flex-start fusion-flex-content-wrap\" style=\"max-width:1248px;margin-left: calc(-4% \/ 2 );margin-right: calc(-4% \/ 2 );\"><div class=\"fusion-layout-column fusion_builder_column fusion-builder-column-1 fusion_builder_column_1_1 1_1 fusion-flex-column\" style=\"--awb-bg-size:cover;--awb-width-large:100%;--awb-margin-top-large:0px;--awb-spacing-right-large:1.92%;--awb-margin-bottom-large:20px;--awb-spacing-left-large:1.92%;--awb-width-medium:100%;--awb-order-medium:0;--awb-spacing-right-medium:1.92%;--awb-spacing-left-medium:1.92%;--awb-width-small:100%;--awb-order-small:0;--awb-spacing-right-small:1.92%;--awb-spacing-left-small:1.92%;\"><div class=\"fusion-column-wrapper fusion-column-has-shadow fusion-flex-justify-content-flex-start fusion-content-layout-column\"><div class=\"fusion-text fusion-text-1\"><p><u>Kameraeinstellungen:<\/u><\/p>\n<ol>\n<li><span style=\"color: var(--body_typography-color); font-family: var(--body_typography-font-family); font-size: var(--body_typography-font-size); font-style: var(--body_typography-font-style,normal); letter-spacing: var(--body_typography-letter-spacing);\">(M) Manuell oder (A) Blendenpriorit\u00e4t.<\/span><\/li>\n<li><span style=\"color: var(--body_typography-color); font-family: var(--body_typography-font-family); font-size: var(--body_typography-font-size); font-style: var(--body_typography-font-style,normal); letter-spacing: var(--body_typography-letter-spacing);\">Dateien sind <b>immer RAW<\/b>.<\/span><\/li>\n<li><span style=\"color: var(--body_typography-color); font-family: var(--body_typography-font-family); font-size: var(--body_typography-font-size); font-style: var(--body_typography-font-style,normal); letter-spacing: var(--body_typography-letter-spacing);\">Der Expositionswert betr\u00e4gt nicht weniger als <b>10, 11 oder 16.<\/b><\/span><\/li>\n<li><span style=\"color: var(--body_typography-color); font-family: var(--body_typography-font-family); font-size: var(--body_typography-font-size); font-style: var(--body_typography-font-style,normal); letter-spacing: var(--body_typography-letter-spacing);\">Belichtungskorrektur: \"0\" - immer.<\/span><\/li>\n<li><span style=\"color: var(--body_typography-color); font-family: var(--body_typography-font-family); font-size: var(--body_typography-font-size); font-style: var(--body_typography-font-style,normal); letter-spacing: var(--body_typography-letter-spacing);\">ISO: <b>100<\/b> bis 320 MAX. <b>Keine Ausnahmen!<\/b><\/span><\/li>\n<li><span style=\"color: var(--body_typography-color); font-family: var(--body_typography-font-family); font-size: var(--body_typography-font-size); font-style: var(--body_typography-font-style,normal); letter-spacing: var(--body_typography-letter-spacing);\"><b>Das Innere<\/b> Klammer ist gesetzt auf <b>5 Bilder<\/b>: -2\/-1\/0\/+1\/+2\/<\/span><\/li>\n<li><span style=\"color: var(--body_typography-color); font-family: var(--body_typography-font-family); font-size: var(--body_typography-font-size); font-style: var(--body_typography-font-style,normal); letter-spacing: var(--body_typography-letter-spacing);\"><b>Das \u00c4u\u00dfere<\/b> Klammer ist gesetzt auf <b>3 Bilder<\/b>: -1\/0\/+1<\/span><\/li>\n<li><span style=\"color: var(--body_typography-color); font-family: var(--body_typography-font-family); font-size: var(--body_typography-font-size); font-style: var(--body_typography-font-style,normal); letter-spacing: var(--body_typography-letter-spacing);\">Wei\u00dfabgleich - <b>AUTO<\/b>.<\/span><\/li>\n<li><span style=\"color: var(--body_typography-color); font-family: var(--body_typography-font-family); font-size: var(--body_typography-font-size); font-style: var(--body_typography-font-style,normal); letter-spacing: var(--body_typography-letter-spacing);\">Objektive <b>12-24 mil<\/b>. Vollbild.<\/span><\/li>\n<\/ol>\n<p><span style=\"color: var(--body_typography-color); font-family: var(--body_typography-font-family); font-size: var(--body_typography-font-size); font-style: var(--body_typography-font-style,normal); letter-spacing: var(--body_typography-letter-spacing);\"><u>Ein paar Dinge sind zu beachten:<\/u><\/span><\/p>\n<ul>\n<li><span style=\"color: var(--body_typography-color); font-family: var(--body_typography-font-family); font-size: var(--body_typography-font-size); font-style: var(--body_typography-font-style,normal); letter-spacing: var(--body_typography-letter-spacing);\">Immer <b>Kontakt mit dem Kunden<\/b> 45-60 Minuten vor dem Termin. <b>Keine Ausnahmen!<\/b><\/span><\/li>\n<li><span style=\"color: var(--body_typography-color); font-family: var(--body_typography-font-family); font-size: var(--body_typography-font-size); font-style: var(--body_typography-font-style,normal); letter-spacing: var(--body_typography-letter-spacing);\">Fragen Sie nach besonderen W\u00fcnschen\/Bedenken.<\/span><\/li>\n<li><span style=\"color: var(--body_typography-color); font-family: var(--body_typography-font-family); font-size: var(--body_typography-font-size); font-style: var(--body_typography-font-style,normal); letter-spacing: var(--body_typography-letter-spacing);\"><b>Lesen Sie die Kundenanweisungen und B\u00fcroanmerkungen im Kalender.<\/b><\/span><\/li>\n<li><span style=\"color: var(--body_typography-color); font-family: var(--body_typography-font-family); font-size: var(--body_typography-font-size); font-style: var(--body_typography-font-style,normal); letter-spacing: var(--body_typography-letter-spacing);\">Ziehen Sie die Schuhe aus oder legen Sie die Schutzh\u00fcllen auf dem Grundst\u00fcck ab.<\/span><\/li>\n<li><span style=\"color: var(--body_typography-color); font-family: var(--body_typography-font-family); font-size: var(--body_typography-font-size); font-style: var(--body_typography-font-style,normal); letter-spacing: var(--body_typography-letter-spacing);\">Aus Sicherheitsgr\u00fcnden bewegen wir keine gro\u00dfen Gegenst\u00e4nde oder M\u00f6bel, sondern machen die Aufnahmen mit Hilfe eines Agenten\/Eigent\u00fcmers so sauber und ordentlich wie m\u00f6glich.<\/span><\/li>\n<li><span style=\"color: var(--body_typography-color); font-family: var(--body_typography-font-family); font-size: var(--body_typography-font-size); font-style: var(--body_typography-font-style,normal); letter-spacing: var(--body_typography-letter-spacing);\"><b>Keine M\u00fclleimer in den Aufnahmen. Kein Toilettenpapier.<\/b><\/span><\/li>\n<li><span style=\"color: var(--body_typography-color); font-family: var(--body_typography-font-family); font-size: var(--body_typography-font-size); font-style: var(--body_typography-font-style,normal); letter-spacing: var(--body_typography-letter-spacing);\"><b>Schr\u00e4nke sind immer geschlossen<\/b> es sei denn, die Agenten fragen anders.<\/span><\/li>\n<li><span style=\"color: var(--body_typography-color); font-family: var(--body_typography-font-family); font-size: var(--body_typography-font-size); font-style: var(--body_typography-font-style,normal); letter-spacing: var(--body_typography-letter-spacing);\"><b>Der Deckel des Toilettensitzes ist immer unten.<\/b><\/span><\/li>\n<li><strong>Ventilatoren sind immer AUS - ohne Ausnahme.<\/strong><\/li>\n<li><span style=\"color: var(--body_typography-color); font-family: var(--body_typography-font-family); font-size: var(--body_typography-font-size); font-style: var(--body_typography-font-style,normal); letter-spacing: var(--body_typography-letter-spacing);\">Wenn das Licht die Qualit\u00e4t der Aufnahme verbessert, verwenden Sie es. Wenn nicht, verwenden Sie das Umgebungslicht.<\/span><\/li>\n<li><span style=\"color: var(--body_typography-color); font-family: var(--body_typography-font-family); font-size: var(--body_typography-font-size); font-style: var(--body_typography-font-style,normal); letter-spacing: var(--body_typography-letter-spacing);\"><b>Verwenden Sie eine erh\u00f6hte (7-9ft)<\/b> Stativ f\u00fcr Au\u00dfenaufnahmen. <b>Immer.<\/b><\/span><\/li>\n<li><span style=\"color: var(--body_typography-color); font-family: var(--body_typography-font-family); font-size: var(--body_typography-font-size); font-style: var(--body_typography-font-style,normal); letter-spacing: var(--body_typography-letter-spacing);\">Scannen Sie Wandfarben mit NiX. <b>Muss Datei-Uploads beinhalten. <a href=\"https:\/\/vimeo.com\/730097007\/1f82e74c9b\" target=\"_blank\" rel=\"noopener\">Hier ist eine Anleitung<\/a>.<\/b><\/span><\/li>\n<li><span style=\"color: var(--body_typography-color); font-family: var(--body_typography-font-family); font-size: var(--body_typography-font-size); font-style: var(--body_typography-font-style,normal); letter-spacing: var(--body_typography-letter-spacing);\">Wenn der Kunde den Auftrag \u00e4ndert - informieren Sie das B\u00fcro \u00fcber die \u00c4nderung.<\/span><\/li>\n<li><span style=\"color: var(--body_typography-color); font-family: var(--body_typography-font-family); font-size: var(--body_typography-font-size); font-style: var(--body_typography-font-style,normal); letter-spacing: var(--body_typography-letter-spacing);\"><b>Geben Sie uns 15-20% mehr<\/b> Sch\u00fcsse als bestellt.<\/span><\/li>\n<li><span style=\"color: var(--body_typography-color); font-family: var(--body_typography-font-family); font-size: var(--body_typography-font-size); font-style: var(--body_typography-font-style,normal); letter-spacing: var(--body_typography-letter-spacing);\">Dateien hochladen <b>so schnell wie m\u00f6glich zu Dropbox<\/b>.<\/span><\/li>\n<\/ul>\n<p>Zu Ihrer Information - hier sind Beispiele f\u00fcr die<a href=\"https:\/\/repropix.com\/photography\/?swcfpc=1\" target=\"_blank\" rel=\"noopener noreferrer\"><b> <u>Endprodukt.<\/u><\/b><\/a><\/p>\n<\/div><\/div><\/div><\/div><\/div><\/p>","protected":false},"excerpt":{"rendered":"","protected":false},"author":1,"featured_media":0,"parent":0,"menu_order":0,"comment_status":"closed","ping_status":"closed","template":"","meta":{"rank_math_lock_modified_date":false,"inline_featured_image":false,"footnotes":""},"class_list":["post-18493","page","type-page","status-publish","hentry"],"jetpack_sharing_enabled":true,"_links":{"self":[{"href":"https:\/\/repropix.lu\/de\/wp-json\/wp\/v2\/pages\/18493"}],"collection":[{"href":"https:\/\/repropix.lu\/de\/wp-json\/wp\/v2\/pages"}],"about":[{"href":"https:\/\/repropix.lu\/de\/wp-json\/wp\/v2\/types\/page"}],"author":[{"embeddable":true,"href":"https:\/\/repropix.lu\/de\/wp-json\/wp\/v2\/users\/1"}],"replies":[{"embeddable":true,"href":"https:\/\/repropix.lu\/de\/wp-json\/wp\/v2\/comments?post=18493"}],"version-history":[{"count":0,"href":"https:\/\/repropix.lu\/de\/wp-json\/wp\/v2\/pages\/18493\/revisions"}],"wp:attachment":[{"href":"https:\/\/repropix.lu\/de\/wp-json\/wp\/v2\/media?parent=18493"}],"curies":[{"name":"wp","href":"https:\/\/api.w.org\/{rel}","templated":true}]}}