{"id":7687,"date":"2022-03-18T09:59:31","date_gmt":"2022-03-18T14:59:31","guid":{"rendered":"https:\/\/repropix.com\/?page_id=7687"},"modified":"2022-11-28T09:04:45","modified_gmt":"2022-11-28T08:04:45","slug":"client-feedback","status":"publish","type":"page","link":"https:\/\/repropix.lu\/fr\/client-feedback\/","title":{"rendered":"Aidez-nous \u00e0 nous am\u00e9liorer"},"content":{"rendered":"<div class=\"fusion-fullwidth fullwidth-box fusion-builder-row-1 fusion-flex-container nonhundred-percent-fullwidth non-hundred-percent-height-scrolling\" style=\"--awb-border-radius-top-left:0px;--awb-border-radius-top-right:0px;--awb-border-radius-bottom-right:0px;--awb-border-radius-bottom-left:0px;--awb-padding-top:100px;--awb-padding-bottom:100px;--awb-flex-wrap:wrap;\" ><div class=\"fusion-builder-row fusion-row fusion-flex-align-items-flex-start fusion-flex-justify-content-center fusion-flex-content-wrap\" style=\"max-width:1248px;margin-left: calc(-4% \/ 2 );margin-right: calc(-4% \/ 2 );\"><div class=\"fusion-layout-column fusion_builder_column fusion-builder-column-0 fusion_builder_column_1_1 1_1 fusion-flex-column\" style=\"--awb-bg-size:cover;--awb-width-large:100%;--awb-margin-top-large:0px;--awb-spacing-right-large:1.92%;--awb-margin-bottom-large:20px;--awb-spacing-left-large:1.92%;--awb-width-medium:100%;--awb-order-medium:0;--awb-spacing-right-medium:1.92%;--awb-spacing-left-medium:1.92%;--awb-width-small:100%;--awb-order-small:0;--awb-spacing-right-small:1.92%;--awb-spacing-left-small:1.92%;\"><div class=\"fusion-column-wrapper fusion-column-has-shadow fusion-flex-justify-content-flex-start fusion-content-layout-column\"><div class=\"fusion-title title fusion-title-1 fusion-title-center fusion-title-text fusion-title-size-one\"><div class=\"title-sep-container title-sep-container-left\"><div class=\"title-sep sep-single sep-solid\" style=\"border-color:#e0dede;\"><\/div><\/div><span class=\"awb-title-spacer\"><\/span><h1 class=\"fusion-title-heading title-heading-center fusion-responsive-typography-calculated\" style=\"margin:0;--fontSize:46;line-height:1;\">Aidez-nous \u00e0 nous am\u00e9liorer<\/h1><span class=\"awb-title-spacer\"><\/span><div class=\"title-sep-container title-sep-container-right\"><div class=\"title-sep sep-single sep-solid\" style=\"border-color:#e0dede;\"><\/div><\/div><\/div><div class=\"fusion-text fusion-text-1\" style=\"--awb-content-alignment:center;--awb-text-transform:none;\"><p>Comment \u00e9valuez-vous votre exp\u00e9rience avec Repropix Corp. ?<br \/>\nR\u00e9pondez \u00e0 cette petite enqu\u00eate pour nous aider \u00e0 am\u00e9liorer notre service.<\/p>\n<p>Cette enqu\u00eate est anonyme. Votre avis est important !<\/p>\n<\/div><\/div><\/div><div class=\"fusion-layout-column fusion_builder_column fusion-builder-column-1 fusion_builder_column_2_3 2_3 fusion-flex-column\" style=\"--awb-bg-size:cover;--awb-width-large:66.666666666667%;--awb-margin-top-large:0px;--awb-spacing-right-large:2.88%;--awb-margin-bottom-large:20px;--awb-spacing-left-large:2.88%;--awb-width-medium:100%;--awb-order-medium:0;--awb-spacing-right-medium:1.92%;--awb-spacing-left-medium:1.92%;--awb-width-small:100%;--awb-order-small:0;--awb-spacing-right-small:1.92%;--awb-spacing-left-small:1.92%;\"><div class=\"fusion-column-wrapper fusion-column-has-shadow fusion-flex-justify-content-flex-start fusion-content-layout-column\"><div class=\"fusion-form fusion-form-builder fusion-form-form-wrapper fusion-form-7686\" style=\"--awb-tooltip-text-color:#ffffff;--awb-tooltip-background-color:#333333;--awb-form-focus-border-color:#6868a7;--awb-form-focus-border-hover-color:rgba(104,104,167,0.5);\" data-form-id=\"7686\" data-config=\"{&quot;form_id&quot;:&quot;7686&quot;,&quot;form_post_id&quot;:&quot;7686&quot;,&quot;post_id&quot;:7687,&quot;form_type&quot;:&quot;ajax&quot;,&quot;confirmation_type&quot;:&quot;message&quot;,&quot;redirect_url&quot;:&quot;&quot;,&quot;field_labels&quot;:{&quot;questions-about&quot;:&quot;Do you have any questions about the photography, video, or 3D virtual tour services that we offer for your objects?&quot;,&quot;usage-frequency&quot;:&quot;How often do you need a service of photography for your real estate, 3D tours etc.?&quot;,&quot;why-us&quot;:&quot;Why did you choose this photographer? What was your deciding factor in choosing them over other photographers that might be out there.&quot;,&quot;why-use-photography&quot;:&quot;Why is it important to have professional photography when selling your home?&quot;,&quot;what-content&quot;:&quot;What kind of content are you interested in finding on Repropix Corp.&#039;s social media platforms (Facebook, LinkedIn)?&quot;,&quot;email-service&quot;:&quot;What email service provider do you use?&quot;},&quot;field_logics&quot;:{&quot;questions-about&quot;:&quot;[]&quot;,&quot;usage-frequency&quot;:&quot;&quot;,&quot;why-us&quot;:&quot;&quot;,&quot;why-use-photography&quot;:&quot;&quot;,&quot;what-content&quot;:&quot;&quot;,&quot;email-service&quot;:&quot;&quot;,&quot;notice_1&quot;:&quot;&quot;},&quot;field_types&quot;:{&quot;questions-about&quot;:&quot;textarea&quot;,&quot;usage-frequency&quot;:&quot;radio&quot;,&quot;why-us&quot;:&quot;textarea&quot;,&quot;why-use-photography&quot;:&quot;textarea&quot;,&quot;what-content&quot;:&quot;textarea&quot;,&quot;email-service&quot;:&quot;radio&quot;,&quot;honey-20220318&quot;:&quot;honeypot&quot;,&quot;submit_1&quot;:&quot;submit&quot;,&quot;notice_1&quot;:&quot;notice&quot;},&quot;nonce_method&quot;:&quot;ajax&quot;}\"><form action=\"\/fr\/client-feedback\/\" method=\"post\" class=\"fusion-form fusion-form-7686\" data-trp-original-action=\"https:\/\/repropix.lu\/fr\/client-feedback\/\"><div class=\"fusion-fullwidth fullwidth-box fusion-builder-row-1-1 fusion-flex-container nonhundred-percent-fullwidth non-hundred-percent-height-scrolling\" style=\"--awb-border-radius-top-left:0px;--awb-border-radius-top-right:0px;--awb-border-radius-bottom-right:0px;--awb-border-radius-bottom-left:0px;--awb-flex-wrap:wrap;\" ><div class=\"fusion-builder-row fusion-row fusion-flex-align-items-flex-start fusion-flex-content-wrap\" style=\"width:104% !important;max-width:104% !important;margin-left: calc(-4% \/ 2 );margin-right: calc(-4% \/ 2 );\"><div class=\"fusion-layout-column fusion_builder_column fusion-builder-column-2 fusion_builder_column_1_1 1_1 fusion-flex-column\" style=\"--awb-bg-size:cover;--awb-width-large:100%;--awb-margin-top-large:0px;--awb-spacing-right-large:1.92%;--awb-margin-bottom-large:20px;--awb-spacing-left-large:1.92%;--awb-width-medium:100%;--awb-order-medium:0;--awb-spacing-right-medium:1.92%;--awb-spacing-left-medium:1.92%;--awb-width-small:100%;--awb-order-small:0;--awb-spacing-right-small:1.92%;--awb-spacing-left-small:1.92%;\"><div class=\"fusion-column-wrapper fusion-column-has-shadow fusion-flex-justify-content-flex-start fusion-content-layout-column\"><div class=\"fusion-form-field fusion-form-textarea-field fusion-form-label-above\" style=\"\" data-form-id=\"7686\"><label for=\"questions-about\">Vous avez des questions sur les services de photographie, de vid\u00e9o ou de visite virtuelle en 3D que nous proposons pour vos objets ? <abbr class=\"fusion-form-element-required\" title=\"required\">*<\/abbr><\/label><textarea cols=\"40\"  minlength=\"0\"  rows=\"4\" tabindex=\"\" id=\"questions-about\" name=\"questions-about\" class=\"fusion-form-input\" required=\"true\" aria-required=\"true\" placeholder=\"Oui ! Je voudrais vous poser une question sur...*\" data-holds-private-data=\"false\"><\/textarea><\/div><div class=\"fusion-form-field fusion-form-radio-field fusion-form-label-above\" style=\"\" data-form-id=\"7686\"><div class=\"fusion-form-label-wrapper\"><span class=\"label\">Combien de fois avez-vous besoin d'un service de photographie pour vos biens immobiliers, visites en 3D, etc. <abbr class=\"fusion-form-element-required\" title=\"required\">*<\/abbr><\/span><\/div><fieldset><div class=\"fusion-form-radio\"><input tabindex=\"\" id=\"radio-usage-frequency-1-0\" type=\"radio\" value=\"Daily\" name=\"usage-frequency\" class=\"fusion-form-input\" required=\"true\" aria-required=\"true\" data-holds-private-data=\"false\"\/><label for=\"radio-usage-frequency-1-0\">Quotidiennement<\/label><\/div><div class=\"fusion-form-radio\"><input tabindex=\"\" id=\"radio-usage-frequency-1-1\" type=\"radio\" value=\"Weekly\" name=\"usage-frequency\" class=\"fusion-form-input\" required=\"true\" aria-required=\"true\" data-holds-private-data=\"false\"\/><label for=\"radio-usage-frequency-1-1\">Hebdomadaire<\/label><\/div><div class=\"fusion-form-radio\"><input tabindex=\"\" id=\"radio-usage-frequency-1-2\" type=\"radio\" value=\"Monthly\" name=\"usage-frequency\" class=\"fusion-form-input\" required=\"true\" aria-required=\"true\" data-holds-private-data=\"false\"\/><label for=\"radio-usage-frequency-1-2\">Mensuel<\/label><\/div><div class=\"fusion-form-radio\"><input tabindex=\"\" id=\"radio-usage-frequency-1-3\" type=\"radio\" value=\"When needed\" name=\"usage-frequency\" class=\"fusion-form-input\" required=\"true\" aria-required=\"true\" data-holds-private-data=\"false\"\/><label for=\"radio-usage-frequency-1-3\">En cas de besoin<\/label><\/div><\/fieldset><\/div><div class=\"fusion-form-field fusion-form-textarea-field fusion-form-label-above\" style=\"\" data-form-id=\"7686\"><label for=\"why-us\">Pourquoi avez-vous choisi ce photographe ? Quel a \u00e9t\u00e9 le facteur d\u00e9cisif qui vous a pouss\u00e9 \u00e0 le choisir par rapport \u00e0 d'autres photographes. <abbr class=\"fusion-form-element-required\" title=\"required\">*<\/abbr><\/label><textarea cols=\"40\"  minlength=\"0\"  rows=\"4\" tabindex=\"\" id=\"why-us\" name=\"why-us\" class=\"fusion-form-input\" required=\"true\" aria-required=\"true\" placeholder=\"J&#039;ai choisi ce photographe parce que...*\" data-holds-private-data=\"false\"><\/textarea><\/div><div class=\"fusion-form-field fusion-form-textarea-field fusion-form-label-above\" style=\"\" data-form-id=\"7686\"><label for=\"why-use-photography\">Pourquoi est-il important d'avoir une photographie professionnelle lors de la vente de votre maison ? <abbr class=\"fusion-form-element-required\" title=\"required\">*<\/abbr><\/label><textarea cols=\"40\"  minlength=\"0\"  rows=\"4\" tabindex=\"\" id=\"why-use-photography\" name=\"why-use-photography\" class=\"fusion-form-input\" required=\"true\" aria-required=\"true\" placeholder=\"Lorsqu&#039;il s&#039;agit de vendre des maisons...*\" data-holds-private-data=\"false\"><\/textarea><\/div><div class=\"fusion-form-field fusion-form-textarea-field fusion-form-label-above\" style=\"\" data-form-id=\"7686\"><label for=\"what-content\">Quel type de contenu souhaitez-vous trouver sur les plateformes de m\u00e9dias sociaux (Facebook, LinkedIn) de Repropix Corp. <abbr class=\"fusion-form-element-required\" title=\"required\">*<\/abbr><\/label><textarea cols=\"40\"  minlength=\"0\"  rows=\"4\" tabindex=\"\" id=\"what-content\" name=\"what-content\" class=\"fusion-form-input\" required=\"true\" aria-required=\"true\" placeholder=\"En ce qui concerne mon fil d&#039;actualit\u00e9, j&#039;aimerais voir...*\" data-holds-private-data=\"false\"><\/textarea><\/div><div class=\"fusion-form-field fusion-form-radio-field fusion-form-label-above\" style=\"\" data-form-id=\"7686\"><div class=\"fusion-form-label-wrapper\"><span class=\"label\">Quel fournisseur de services de messagerie utilisez-vous ? <abbr class=\"fusion-form-element-required\" title=\"required\">*<\/abbr><\/span><\/div><fieldset><div class=\"fusion-form-radio\"><input tabindex=\"\" id=\"radio-email-service-2-0\" type=\"radio\" value=\"Gmail\" name=\"email-service\" class=\"fusion-form-input\" required=\"true\" aria-required=\"true\" data-holds-private-data=\"false\"\/><label for=\"radio-email-service-2-0\">Gmail<\/label><\/div><div class=\"fusion-form-radio\"><input tabindex=\"\" id=\"radio-email-service-2-1\" type=\"radio\" value=\"Outlook\" name=\"email-service\" class=\"fusion-form-input\" required=\"true\" aria-required=\"true\" data-holds-private-data=\"false\"\/><label for=\"radio-email-service-2-1\">Perspectives<\/label><\/div><div class=\"fusion-form-radio\"><input tabindex=\"\" id=\"radio-email-service-2-2\" type=\"radio\" value=\"ProtonMail\" name=\"email-service\" class=\"fusion-form-input\" required=\"true\" aria-required=\"true\" data-holds-private-data=\"false\"\/><label for=\"radio-email-service-2-2\">ProtonMail<\/label><\/div><div class=\"fusion-form-radio\"><input tabindex=\"\" id=\"radio-email-service-2-3\" type=\"radio\" value=\"Zoho Mail\" name=\"email-service\" class=\"fusion-form-input\" required=\"true\" aria-required=\"true\" data-holds-private-data=\"false\"\/><label for=\"radio-email-service-2-3\">Zoho Mail<\/label><\/div><div class=\"fusion-form-radio\"><input tabindex=\"\" id=\"radio-email-service-2-4\" type=\"radio\" value=\"iCloud Mail\" name=\"email-service\" class=\"fusion-form-input\" required=\"true\" aria-required=\"true\" data-holds-private-data=\"false\"\/><label for=\"radio-email-service-2-4\">iCloud Mail<\/label><\/div><div class=\"fusion-form-radio\"><input tabindex=\"\" id=\"radio-email-service-2-5\" type=\"radio\" value=\"Yahoo! Mail\" name=\"email-service\" class=\"fusion-form-input\" required=\"true\" aria-required=\"true\" data-holds-private-data=\"false\"\/><label for=\"radio-email-service-2-5\">Yahoo ! Mail<\/label><\/div><div class=\"fusion-form-radio\"><input tabindex=\"\" id=\"radio-email-service-2-6\" type=\"radio\" value=\"Other\" name=\"email-service\" class=\"fusion-form-input\" required=\"true\" aria-required=\"true\" data-holds-private-data=\"false\"\/><label for=\"radio-email-service-2-6\">Autres<\/label><\/div><\/fieldset><\/div><div class=\"fusion-form-field fusion-form-honeypot-field fusion-form-label-above\" style=\"\" data-form-id=\"7686\"><input type=\"hidden\" tabindex=\"-1\" name=\"honey-20220318\" class=\"fusion-form-input\" autocomplete=\"hypot-69e4d3d803bf0\" aria-hidden=\"true\" data-fusion-is-honeypot=\"true\"><\/div><div class=\"fusion-form-field fusion-form-submit-field fusion-form-label-above\" style=\"\" data-form-id=\"7686\"><div ><button type=\"submit\" class=\"fusion-button button-flat fusion-button-default-size button-default fusion-button-default button-1 fusion-button-span-yes  form-form-submit button-default\" data-form-number=\"7686\" tabindex=\"\"><span class=\"fusion-button-text\">Soumettre<\/span><\/button><\/div><\/div><div class=\"form-submission-notices data-notice_1\" id=\"fusion-notices-1\"><div class=\"fusion-alert alert success alert-success fusion-alert-center fusion-form-response fusion-form-response-success fusion-alert-capitalize awb-alert-native-link-color alert-dismissable awb-alert-close-boxed\" role=\"alert\"><div class=\"fusion-alert-content-wrapper\"><span class=\"alert-icon\"><i class=\"awb-icon-check-circle\" aria-hidden=\"true\"><\/i><\/span><span class=\"fusion-alert-content\">Merci pour votre message. Il a \u00e9t\u00e9 envoy\u00e9. <\/br><\/br>\nVeuillez utiliser ce code pour obtenir $10.00 de r\u00e9duction sur votre prochain achat.<\/br>\nUtilisez ce coupon \u00e0 la caisse : 'RPX4U'.<\/br>\nUn seul coupon par client. Non valable avec d'autres promotions.<\/span><\/div><button type=\"button\" class=\"close toggle-alert\" data-dismiss=\"alert\" aria-label=\"Fermer\">\u00d7<\/button><\/div><div class=\"fusion-alert alert error alert-danger fusion-alert-center fusion-form-response fusion-form-response-error fusion-alert-capitalize awb-alert-native-link-color alert-dismissable awb-alert-close-boxed\" role=\"alert\"><div class=\"fusion-alert-content-wrapper\"><span class=\"alert-icon\"><i class=\"awb-icon-exclamation-triangle\" aria-hidden=\"true\"><\/i><\/span><span class=\"fusion-alert-content\">Une erreur s'est produite lors de l'envoi de votre message. Veuillez r\u00e9essayer plus tard.<\/span><\/div><button type=\"button\" class=\"close toggle-alert\" data-dismiss=\"alert\" aria-label=\"Fermer\">\u00d7<\/button><\/div><\/div><\/div><\/div><\/div><\/div><input type=\"hidden\" name=\"trp-form-language\" value=\"fr\"\/><\/form><\/div><\/div><\/div><\/div><\/div>","protected":false},"excerpt":{"rendered":"","protected":false},"author":1,"featured_media":0,"parent":0,"menu_order":0,"comment_status":"closed","ping_status":"closed","template":"","meta":{"rank_math_lock_modified_date":false,"inline_featured_image":false,"footnotes":""},"class_list":["post-7687","page","type-page","status-publish","hentry"],"jetpack_sharing_enabled":true,"_links":{"self":[{"href":"https:\/\/repropix.lu\/fr\/wp-json\/wp\/v2\/pages\/7687"}],"collection":[{"href":"https:\/\/repropix.lu\/fr\/wp-json\/wp\/v2\/pages"}],"about":[{"href":"https:\/\/repropix.lu\/fr\/wp-json\/wp\/v2\/types\/page"}],"author":[{"embeddable":true,"href":"https:\/\/repropix.lu\/fr\/wp-json\/wp\/v2\/users\/1"}],"replies":[{"embeddable":true,"href":"https:\/\/repropix.lu\/fr\/wp-json\/wp\/v2\/comments?post=7687"}],"version-history":[{"count":0,"href":"https:\/\/repropix.lu\/fr\/wp-json\/wp\/v2\/pages\/7687\/revisions"}],"wp:attachment":[{"href":"https:\/\/repropix.lu\/fr\/wp-json\/wp\/v2\/media?parent=7687"}],"curies":[{"name":"wp","href":"https:\/\/api.w.org\/{rel}","templated":true}]}}